{"id":105,"date":"2026-04-28T18:46:19","date_gmt":"2026-04-28T18:46:19","guid":{"rendered":"https:\/\/asociaciondepastoresdemadrededios.org.pe\/?page_id=105"},"modified":"2026-04-28T20:02:58","modified_gmt":"2026-04-28T20:02:58","slug":"pastores-asociados","status":"publish","type":"page","link":"https:\/\/asociaciondepastoresdemadrededios.org.pe\/?page_id=105","title":{"rendered":"PASTORES ASOCIADOS"},"content":{"rendered":"\n\n\n<h2><font dir=\"auto\" style=\"vertical-align: inherit;\"><font dir=\"auto\" style=\"vertical-align: inherit;\"><strong>Participar en una asociaci\u00f3n de pastores ofrece beneficios fundamentales que protegen la salud emocional del ministro y potencian su eficacia en el servicio. El ministerio puede ser una labor solitaria, y estas organizaciones funcionan como una red de contenci\u00f3n espiritual y profesional.<\/strong><\/font><\/font><\/h2><p><br><\/p>\n\n\n\n\n<div>Beneficios Principales para el Pastor<\/div>\n\n\nBrinda un espacio para compartir las cargas, dudas y desaf\u00edos del ministerio con otros que comprenden la realidad del llamado, evitando el aislamiento y el agotamiento (burnout)\n\n\nPermite recibir consejo de ministros con m\u00e1s trayectoria, lo que ayuda a tomar mejores decisiones y a \u00abafilar\u00bb el car\u00e1cter y las habilidades propias (Proverbios 27:17).\n\n\nMuchas asociaciones, como la Asociaci\u00f3n Ministerial, ofrecen materiales, seminarios y conferencias para el crecimiento teol\u00f3gico, intelectual y t\u00e9cnico del pastor.\n\n\n\n\nFormar parte de un cuerpo colegiado fomenta la transparencia y la integridad, proporcionando un marco de autoridad que protege tanto al pastor como a su congregaci\u00f3n de posibles desviaciones\n\n\nAlgunas asociaciones ofrecen soluciones pr\u00e1cticas como planes de retiro, seguros de salud, fondos para deudas m\u00e9dicas o pr\u00e9stamos estudiantiles, como los programas de la Junta de Servicios de Beneficios\n\n\n: Facilita la realizaci\u00f3n de proyectos a gran escala, como campa\u00f1as evangel\u00edsticas o labores sociales, que una iglesia local dif\u00edcilmente podr\u00eda costear de forma independiente.\n\n\n\n\n\n\nPASTOR PRESIDE LA ASOCIACION SE PASTORES DE PUERTO MALDONADO\nSECRETARIO DE LA ASOCION DE PASTORES DE PUERTO MALDONADO\nPASTOR, MISIONERO, ESCRITOR, PERIODISTA, MINISTERIO  BIKE MISIONERA\n\n\n","protected":false},"excerpt":{"rendered":"","protected":false},"author":3,"featured_media":0,"parent":0,"menu_order":0,"comment_status":"closed","ping_status":"closed","template":"","meta":{"pagelayer_contact_templates":[],"_pagelayer_content":"","footnotes":""},"class_list":["post-105","page","type-page","status-publish","hentry"],"_links":{"self":[{"href":"https:\/\/asociaciondepastoresdemadrededios.org.pe\/index.php?rest_route=\/wp\/v2\/pages\/105","targetHints":{"allow":["GET"]}}],"collection":[{"href":"https:\/\/asociaciondepastoresdemadrededios.org.pe\/index.php?rest_route=\/wp\/v2\/pages"}],"about":[{"href":"https:\/\/asociaciondepastoresdemadrededios.org.pe\/index.php?rest_route=\/wp\/v2\/types\/page"}],"author":[{"embeddable":true,"href":"https:\/\/asociaciondepastoresdemadrededios.org.pe\/index.php?rest_route=\/wp\/v2\/users\/3"}],"replies":[{"embeddable":true,"href":"https:\/\/asociaciondepastoresdemadrededios.org.pe\/index.php?rest_route=%2Fwp%2Fv2%2Fcomments&post=105"}],"version-history":[{"count":4,"href":"https:\/\/asociaciondepastoresdemadrededios.org.pe\/index.php?rest_route=\/wp\/v2\/pages\/105\/revisions"}],"predecessor-version":[{"id":163,"href":"https:\/\/asociaciondepastoresdemadrededios.org.pe\/index.php?rest_route=\/wp\/v2\/pages\/105\/revisions\/163"}],"wp:attachment":[{"href":"https:\/\/asociaciondepastoresdemadrededios.org.pe\/index.php?rest_route=%2Fwp%2Fv2%2Fmedia&parent=105"}],"curies":[{"name":"wp","href":"https:\/\/api.w.org\/{rel}","templated":true}]}}