{"id":110,"date":"2026-04-28T18:49:32","date_gmt":"2026-04-28T18:49:32","guid":{"rendered":"https:\/\/asociaciondepastoresdemadrededios.org.pe\/?page_id=110"},"modified":"2026-04-28T19:46:03","modified_gmt":"2026-04-28T19:46:03","slug":"apoya-este-trabajo","status":"publish","type":"page","link":"https:\/\/asociaciondepastoresdemadrededios.org.pe\/?page_id=110","title":{"rendered":"APOYA ESTE TRABAJO"},"content":{"rendered":"\n\n\n<h2><font dir=\"auto\" style=\"vertical-align: inherit;\"><font dir=\"auto\" style=\"vertical-align: inherit;\"><strong style=\"color: rgb(230, 0, 0);\">Adquirir productos y servicios de otros cristianos fortalece la comunidad al basar las transacciones en valores compartidos de integridad, servicio y apoyo mutuo. Esta pr\u00e1ctica permite que los recursos econ\u00f3micos circulen dentro del cuerpo de creyentes, impulsando proyectos que buscan no solo el \u00e9xito financiero, sino tambi\u00e9n la glorificaci\u00f3n de Dios y el impacto social positivo.<\/strong><\/font><\/font><\/h2><span style=\"color:#e60000;\"><\/span>\n\n\n\n\n<h1><font dir=\"auto\" style=\"vertical-align: inherit;\"><font dir=\"auto\" style=\"vertical-align: inherit;\"><strong>Principales Ventajas\n<\/strong><\/font><\/font><\/h1>\n\n\n<h6><span style=\"color: rgb(10, 10, 10); font-family: &quot;Google Sans&quot;, Arial, sans-serif; font-weight: 400; background-color: rgb(255, 255, 255);\">Se espera que los negocios cristianos operen bajo principios b\u00edblicos como la&nbsp;<\/span><span class=\"Yjhzub\" jsaction=\"\" jscontroller=\"zYmgkd\" data-sfc-root=\"c\" jsuid=\"JHjBPd_11\" data-sfc-cb=\"\" data-complete=\"true\" style=\"color: rgb(10, 10, 10); font-family: &quot;Google Sans&quot;, Arial, sans-serif; background-color: rgb(255, 255, 255);\">honestidad<\/span><span style=\"color: rgb(10, 10, 10); font-family: &quot;Google Sans&quot;, Arial, sans-serif; font-weight: 400; background-color: rgb(255, 255, 255);\">, la transparencia y el trato justo, reemplazando la codicia por la generosidad.<\/span><\/h6>\n\n\n<h2><span class=\"Yjhzub\" jsaction=\"\" jscontroller=\"zYmgkd\" data-sfc-root=\"c\" jsuid=\"JHjBPd_14\" data-sfc-cb=\"\" data-complete=\"true\" style=\"font-weight: 600; color: rgb(10, 10, 10); font-family: &quot;Google Sans&quot;, Arial, sans-serif; font-size: 16px; text-decoration-style: initial;\">Fortalecimiento del Reino<\/span><\/h2>\n<h6><span style=\"color: rgb(10, 10, 10); font-family: &quot;Google Sans&quot;, Arial, sans-serif; font-weight: 400;\">Al apoyar emprendimientos de otros creyentes, se contribuye a que estos tengan mayor potencial para&nbsp;<\/span><span class=\"Yjhzub\" jsaction=\"\" jscontroller=\"zYmgkd\" data-sfc-root=\"c\" jsuid=\"JHjBPd_15\" data-sfc-cb=\"\" data-complete=\"true\" style=\"color: rgb(10, 10, 10); font-family: &quot;Google Sans&quot;, Arial, sans-serif;\">compartir el mensaje de Cristo<\/span><span style=\"color: rgb(10, 10, 10); font-family: &quot;Google Sans&quot;, Arial, sans-serif; font-weight: 400;\">&nbsp;y expandir Su obra a trav\u00e9s de sus actividades comerciales<\/span><\/h6>\n\n\n\n\n\n\n\n<h6><span style=\"color: rgb(10, 10, 10); font-family: &quot;Google Sans&quot;, Arial, sans-serif; font-weight: 400; background-color: rgb(255, 255, 255);\">Esta din\u00e1mica fomenta la reciprocidad y la colaboraci\u00f3n, reduciendo sentimientos de desamparo y fortaleciendo el tejido social de la comunidad cristiana.<\/span><\/h6>\n\n\n\n\n<h6><span style=\"color: rgb(10, 10, 10); font-family: &quot;Google Sans&quot;, Arial, sans-serif; font-weight: 400; background-color: rgb(255, 255, 255);\">Muchos empresarios cristianos ven sus talentos y recursos como un don confiado por Dios (mayordom\u00eda), lo que se traduce en un&nbsp;<\/span><span class=\"Yjhzub\" jsaction=\"\" jscontroller=\"zYmgkd\" data-sfc-root=\"c\" jsuid=\"JHjBPd_1c\" data-sfc-cb=\"\" data-complete=\"true\" style=\"color: rgb(10, 10, 10); font-family: &quot;Google Sans&quot;, Arial, sans-serif; background-color: rgb(255, 255, 255);\">servicio con prop\u00f3sito<\/span><span style=\"color: rgb(10, 10, 10); font-family: &quot;Google Sans&quot;, Arial, sans-serif; font-weight: 400; background-color: rgb(255, 255, 255);\">&nbsp;y una atenci\u00f3n al cliente marcada por el respeto y la gratitud.<\/span><\/h6>\n\n\n<h2><span class=\"Yjhzub\" jsaction=\"\" jscontroller=\"zYmgkd\" data-sfc-root=\"c\" jsuid=\"JHjBPd_1f\" data-sfc-cb=\"\" data-complete=\"true\" aria-owns=\"action-menu-parent-container\" style=\"font-weight: 600; color: rgb(10, 10, 10); font-family: &quot;Google Sans&quot;, Arial, sans-serif; font-size: 16px; text-align: start; text-decoration-style: initial;\">Impacto Social y \u00c9tico<\/span><\/h2>\n<h6><span style=\"color: rgb(10, 10, 10); font-family: &quot;Google Sans&quot;, Arial, sans-serif; font-weight: 400;\">&nbsp;Los emprendedores cristianos suelen priorizar la&nbsp;<\/span><span class=\"Yjhzub\" jsaction=\"\" jscontroller=\"zYmgkd\" data-sfc-root=\"c\" jsuid=\"JHjBPd_1g\" data-sfc-cb=\"\" data-complete=\"true\" style=\"color: rgb(10, 10, 10); font-family: &quot;Google Sans&quot;, Arial, sans-serif;\">moral y los valores<\/span><span style=\"color: rgb(10, 10, 10); font-family: &quot;Google Sans&quot;, Arial, sans-serif; font-weight: 400;\">&nbsp;sobre la rentabilidad absoluta, promoviendo pr\u00e1cticas sostenibles que buscan el bienestar del pr\u00f3jimo y de la comunidad local.<\/span><\/h6>\n\n\n\n\n\n\n\n<h6><span class=\"N9Q8Lc\" style=\"border-radius: 0px; background-color: rgb(233, 235, 240); color: rgb(10, 10, 10); font-family: &quot;Google Sans&quot;, Arial, sans-serif; font-weight: 400;\">: Un negocio que vive su fe sin necesidad de anunciarla expl\u00edcitamente se convierte en un&nbsp;<\/span><span class=\"Yjhzub\" jsaction=\"\" jscontroller=\"zYmgkd\" data-sfc-root=\"c\" jsuid=\"JHjBPd_1k\" data-sfc-cb=\"\" data-complete=\"true\" style=\"color: rgb(10, 10, 10); font-family: &quot;Google Sans&quot;, Arial, sans-serif; background-color: rgb(255, 255, 255);\"><span class=\"N9Q8Lc\" style=\"border-radius: 0px; background-color: rgb(233, 235, 240);\">motor de buenas pr\u00e1cticas<\/span><\/span><span class=\"N9Q8Lc\" style=\"border-radius: 0px; background-color: rgb(233, 235, 240); color: rgb(10, 10, 10); font-family: &quot;Google Sans&quot;, Arial, sans-serif; font-weight: 400;\">, demostrando con hechos la transformaci\u00f3n que produce el Evangelio en el \u00e1mbito laboral.<\/span><\/h6>\n\n\n\n\n\n\n<h2><font dir=\"auto\" style=\"vertical-align: inherit;\"><font dir=\"auto\" style=\"vertical-align: inherit;\"><strong>La actividad comercial es una extensi\u00f3n de la misi\u00f3n de la iglesia, donde el \u00e9xito del negocio se traduce en un mayor impacto social y espiritual.&nbsp;<\/strong><\/font><\/font><\/h2>\n<h2><font dir=\"auto\" style=\"vertical-align: inherit;\"><font dir=\"auto\" style=\"vertical-align: inherit;\"><font dir=\"auto\" style=\"vertical-align: inherit;\"><font dir=\"auto\" style=\"vertical-align: inherit; color: rgb(230, 0, 0);\">A continuaci\u00f3n, te presentamos algunas empresas propiedad de cristianos a las que puedes apoyar comprando sus productos y servicios.<\/font><\/font><\/font><\/font><\/h2>\n\n\n\n\n\n\n\n\nP\u00c1GINAS WEB, RADIO WEB, TELEVISI\u00d3N WEB Y PERIODISMO\n\nEL MENSAJERO DE LA PAZ &#8211; PERIODICO EN LINEA\nTV ICV &#8211; NOSOTROS ADMINISTRAMOS\nRADIO EXITO URCOS &#8211; NOSOTROS ADMINISTRAMOS\nINTERCAMBIO MISIONERO &#8211; MINISTERIO DE INTERCAMBIO\nBIKE MISIONERO &#8211; MINISTERIO\nESCRITORIO VIRTUAL &#8211; SERVICIOS\nRADIO CHOQUE VELILLE &#8211; NOSOTROS ADMINISTRAMOS\nANUNCIOS ECONOMICOS &#8211; PROYECTO\n\n\n\nESPACIO PARA SU EMPRESA\n\n\nESPACIO PARA SU EMPRESA\n\n\n\n\nP\u00c1GINAS WEB, RADIO WEB, TELEVISI\u00d3N WEB Y PERIODISMO\n\nEL MENSAJERO DE LA PAZ &#8211; PERIODICO EN LINEA\nTV ICV &#8211; NOSOTROS ADMINISTRAMOS\nRADIO EXITO URCOS &#8211; NOSOTROS ADMINISTRAMOS\nINTERCAMBIO MISIONERO &#8211; MINISTERIO DE INTERCAMBIO\nBIKE MISIONERO &#8211; MINISTERIO\nESCRITORIO VIRTUAL &#8211; SERVICIOS\nRADIO CHOQUE VELILLE &#8211; NOSOTROS ADMINISTRAMOS\nANUNCIOS ECONOMICOS &#8211; PROYECTO\n\n\n\nESPACIO PARA SU EMPRESA\n\n\nESPACIO PARA SU EMPRESA\n\n\n\n\n","protected":false},"excerpt":{"rendered":"","protected":false},"author":3,"featured_media":0,"parent":0,"menu_order":0,"comment_status":"closed","ping_status":"closed","template":"page-templates\/full-width-page.php","meta":{"pagelayer_contact_templates":[],"_pagelayer_content":"","footnotes":""},"class_list":["post-110","page","type-page","status-publish","hentry"],"_links":{"self":[{"href":"https:\/\/asociaciondepastoresdemadrededios.org.pe\/index.php?rest_route=\/wp\/v2\/pages\/110","targetHints":{"allow":["GET"]}}],"collection":[{"href":"https:\/\/asociaciondepastoresdemadrededios.org.pe\/index.php?rest_route=\/wp\/v2\/pages"}],"about":[{"href":"https:\/\/asociaciondepastoresdemadrededios.org.pe\/index.php?rest_route=\/wp\/v2\/types\/page"}],"author":[{"embeddable":true,"href":"https:\/\/asociaciondepastoresdemadrededios.org.pe\/index.php?rest_route=\/wp\/v2\/users\/3"}],"replies":[{"embeddable":true,"href":"https:\/\/asociaciondepastoresdemadrededios.org.pe\/index.php?rest_route=%2Fwp%2Fv2%2Fcomments&post=110"}],"version-history":[{"count":5,"href":"https:\/\/asociaciondepastoresdemadrededios.org.pe\/index.php?rest_route=\/wp\/v2\/pages\/110\/revisions"}],"predecessor-version":[{"id":152,"href":"https:\/\/asociaciondepastoresdemadrededios.org.pe\/index.php?rest_route=\/wp\/v2\/pages\/110\/revisions\/152"}],"wp:attachment":[{"href":"https:\/\/asociaciondepastoresdemadrededios.org.pe\/index.php?rest_route=%2Fwp%2Fv2%2Fmedia&parent=110"}],"curies":[{"name":"wp","href":"https:\/\/api.w.org\/{rel}","templated":true}]}}